{"id":2052,"date":"2020-08-18T01:19:26","date_gmt":"2020-08-18T01:19:26","guid":{"rendered":"https:\/\/skisaintbruno.ca\/?page_id=2052"},"modified":"2024-10-21T17:48:42","modified_gmt":"2024-10-21T17:48:42","slug":"privacy-policy","status":"publish","type":"page","link":"https:\/\/skisaintbruno.ca\/en\/privacy-policy\/","title":{"rendered":"Privacy policy"},"content":{"rendered":"<section  class=\"text-block\" data-animation=\"fadeInSection\">\r\n\t<div class=\"container-fluid\">\r\n\t\t<div class=\"row\">\r\n\t\t\t<div class=\"col-xxl-6 offset-xxl-3 col-lg-8 offset-lg-2 col-sm-10 offset-sm-1 wrap\" data-article-content>\r\n\t\t\t\t<h1 class=\"p1\"><b>PRIVACY POLICY<\/b><\/h1>\n<p class=\"p2\"><span class=\"s1\"><i>Updated: 10-2024<\/i><br \/>\n<a href=\"https:\/\/www.skisaintbruno.ca\/\"><b>www.skisaintbruno.ca<\/b><\/a><\/span><span class=\"s2\"><br \/>\nSki Saint-Bruno<\/span><\/p>\n<p class=\"p3\">Type of site: e-commerce<\/p>\n<p class=\"p4\"><b>Obligations regarding the application of a \u201cprivacy policy\u201d<\/b><\/p>\n<p class=\"p3\">The provincial law to modernize legislative provisions regarding the protection of personal information, also known as \u201cLaw 25,\u201d aims to protect Quebecers by making companies more accountable for the personal information they hold.<\/p>\n<p class=\"p3\">Ski Saint-Bruno is committed to respecting the privacy of individuals in accordance with the laws, regulations and standards applicable in Quebec regarding the protection of personal information.<\/p>\n<p class=\"p3\">The purpose of this privacy policy (the \u201c<span class=\"s3\"><b>Policy<\/b>\u201d<\/span>) is to set out the general principles to which the Organization adheres as well as the practices we <span class=\"s4\">follow<\/span> when we collect, use, communicate, retain and destroy the personal information of our clients, suppliers, business partners, employees and other persons concerned as part of our activities.<\/p>\n<p class=\"p5\">In accordance with the aforementioned provisions, Ski Saint-Bruno may collect personal information and data when required, and for the following purposes:<\/p>\n<ol class=\"ol1\">\n<li class=\"li5\">Collection of personal information and data<\/li>\n<li class=\"li5\">Use of the collected data<\/li>\n<li class=\"li5\">Who has access to collected data<\/li>\n<li class=\"li5\">The rights of site users<\/li>\n<li class=\"li5\">The site\u2019s cookie policy<\/li>\n<\/ol>\n<p class=\"p4\"><b>Applicable laws<\/b><\/p>\n<p class=\"p3\">This Privacy Policy complies with statements made under the <span class=\"s5\"><i>Personal Information Protection and Electronic Documents Act<\/i><\/span> (PIPEDA).<\/p>\n<p class=\"p3\">For residents of EU countries, the <span class=\"s5\"><i>General Data Protection Regulation<\/i><\/span> (GDPR) governs all data protection policies, regardless of where the site is located.<\/p>\n<p class=\"p3\">This policy is intended to govern under the GDPR. If there are any inconsistencies between this Policy and the GDPR,<span class=\"s3\">\u00a0<\/span>the provisions of the GDPR shall prevail.<\/p>\n<p class=\"p3\">For residents of the State of California, this Privacy Policy is intended to comply with the standards of the <span class=\"s5\"><i>California Consumer Privacy Act <\/i><\/span>(CCPA). If there are any inconsistencies between this document and the CCPA, State law shall apply.<\/p>\n<p class=\"p4\"><b>Consent<\/b><\/p>\n<p class=\"p5\">Users agree that by using the Ski Saint-Bruno website, they consent to the following:<\/p>\n<ol class=\"ol1\">\n<li class=\"li5\">The terms and conditions set out in this Privacy Policy<\/li>\n<li class=\"li5\">The collection, use and retention of the data listed in this Policy<\/li>\n<\/ol>\n<p class=\"p4\"><b>Personal information and data we process<\/b><\/p>\n<p class=\"p4\"><b>Information and data collected automatically<\/b><\/p>\n<p class=\"p5\">When you visit and use our site, we may automatically collect and store the following information:<\/p>\n<ol class=\"ol1\">\n<li class=\"li5\">IP address<\/li>\n<li class=\"li5\">Location<\/li>\n<li class=\"li5\">Hardware and software details<\/li>\n<li class=\"li5\">Links a user clicks while using the site<\/li>\n<li class=\"li5\">Content a user views on our site<\/li>\n<\/ol>\n<p class=\"p4\"><b>Information and data collected non-automatically<\/b><\/p>\n<p class=\"p5\">We may also collect the following data when you perform certain functions on our site:<\/p>\n<ol class=\"ol1\">\n<li class=\"li5\">First and last name<\/li>\n<li class=\"li5\">Age<\/li>\n<li class=\"li5\">Date of birth<\/li>\n<li class=\"li5\">Gender<\/li>\n<li class=\"li5\">Email address<\/li>\n<li class=\"li5\">Telephone number<\/li>\n<li class=\"li5\">Home address<\/li>\n<\/ol>\n<p class=\"p5\">This data may be collected using the following methods:<\/p>\n<ol class=\"ol1\">\n<li class=\"li5\">Purchase from the online store<\/li>\n<li class=\"li5\">Job application<\/li>\n<li class=\"li5\">Contact form<\/li>\n<\/ol>\n<p class=\"p3\">Please note that we only collect data that enables us to achieve the objective stated in this Privacy Policy. We will not collect any additional data without informing you first.<\/p>\n<p class=\"p4\"><b>How we use personal data<\/b><\/p>\n<p class=\"p3\">Personal information and data collected on our site are used solely for the purposes specified in this Policy or indicated on the relevant pages of our site. We will not use your data beyond what we disclose.<\/p>\n<p class=\"p5\">The data we collect automatically is used for the following purposes:<\/p>\n<ol class=\"ol1\">\n<li class=\"li5\">Manage a problematic situation that may be brought to our attention<\/li>\n<li class=\"li5\">Analyze browsing data<\/li>\n<li class=\"li5\">Proc\u00e9der \u00e0 une analyse de donn\u00e9es de navigation<\/li>\n<li class=\"li5\">Optimize the user experience<\/li>\n<\/ol>\n<p class=\"p5\">Data collected when the user performs certain functions on the Ski Saint-Bruno site may be used for the following purposes:<\/p>\n<ol class=\"ol1\">\n<li class=\"li5\">Communications<\/li>\n<li class=\"li5\">Mailing of purchased products<\/li>\n<li class=\"li5\">Creation of client accounts for season pass holders<\/li>\n<li class=\"li5\">Creation of client accounts for equipment rentals<\/li>\n<li class=\"li5\">Creation of client accounts for lesson bookings<\/li>\n<li class=\"li5\">Promotions<\/li>\n<\/ol>\n<p class=\"p4\"><b>Parties with whom we share personal data<\/b><\/p>\n<p class=\"p3\"><span class=\"s3\"><b>Employees<\/b><\/span><br \/>\nWe may disclose to any member of the Ski Saint-Bruno organization user information and data solely applicable and required to achieve the objectives set out in this Policy.<\/p>\n<p class=\"p4\"><b>Third parties<\/b><\/p>\n<p class=\"p3\">This Privacy Policy does not authorize Ski Saint-Bruno employees to share any personal user information or data with any third parties.<\/p>\n<p class=\"p4\"><b>Other disclosures<\/b><\/p>\n<p class=\"p5\">This Privacy Policy does not authorize Ski Saint-Bruno employees to sell, transfer or share your information and data except in situations required under legal provisions <span class=\"s6\">en toute conformit\u00e9 \u00e9manant d\u2019une requ\u00eate introductive d\u2019instance ou autres, proc\u00e9durales, suivantes<\/span> if the following apply:<\/p>\n<ol class=\"ol1\">\n<li class=\"li5\">It is required by law (applicable in the judicial territory of Longueuil).<\/li>\n<li class=\"li5\">It is related to a legal inquiry and\/or procedure concerning you.<\/li>\n<li class=\"li5\">It gives Ski Saint-Bruno the opportunity to protect or justify its legal rights.<\/li>\n<li class=\"li5\">As part of the sale of Ski Saint-Bruno, the organization was required to submit certain information and\/or data to a duly identified and designated potential buyer or group of buyers in accordance with applicable transactional procedures.<\/li>\n<\/ol>\n<p class=\"p4\"><b>Notice<\/b><\/p>\n<p class=\"p3\">If you follow hyperlinks from the Ski Saint-Bruno site to any other site, be advised that Ski Saint-Bruno will not be responsible nor liable for any subsequent situational issues, as the Organization has no control over other sites\u2019 privacy policies and practices.<\/p>\n<p class=\"p4\"><b>How long we store personal data<\/b><\/p>\n<p class=\"p3\">Any information or data provided by our users will be retained for a maximum period of two (2) years, in compliance with the law.<\/p>\n<p class=\"p3\">In accordance with the security provisions implemented within its Organization, Ski Saint-Bruno shall notify identified users in the event that such retention may exceed the aforementioned period.<\/p>\n<p class=\"p4\"><b>How we protect your personal data<\/b><\/p>\n<p class=\"p3\">The information and data stored in our computer system are secured in accordance with the applicable standards of Law 25 and are only accessible to authorized employees.<\/p>\n<p class=\"p3\">Ski Saint-Bruno employees are bound by a strict confidentiality agreement. A breach of this agreement may lead directly to dismissal.<\/p>\n<p class=\"p4\"><b>Individuals under the age of majority (outside Canada)<\/b><\/p>\n<p class=\"p3\">For EU residents, the GDPR specifies that individuals under the age of 15 are considered minors for the purposes of data collection. Individuals who are minors must have the consent of a legal representative for their data to be collected, processed and used.<\/p>\n<p class=\"p4\"><b>Your rights as a user<\/b><\/p>\n<p class=\"p3\">As a user, you have the right to access all personal information and data (nominative or other) belonging to you which you have freely and voluntarily sent to us.<\/p>\n<p class=\"p3\">In addition, you have the right to update or correct any personal information or data in our database provided that it is acceptable under the law.<\/p>\n<p class=\"p4\"><b>Modifying or deleting your own collected information and data<\/b><\/p>\n<p>To this end, the designated officer will be able to respond to requests from individuals concerning the right to portability*.<\/p>\n<p>*Portability being the communication of computerized personal information in a structured and commonly used technological format<\/p>\n<p class=\"p3\">In compliance with Law 25 on the protection of personal information and Bill 64 on the access to information, you may modify or delete your personal information and data at any time.<\/p>\n<p class=\"p3\">To do so, you must send your written request directly to the Data Protection Officer at the following email address:<\/p>\n<p class=\"p6\"><strong><span class=\"s1\"><a href=\"mailto:dpo@skisaintbruno.ca\">dpo@skisaintbruno.ca<\/a><\/span><\/strong><\/p>\n<p class=\"p3\">Finally, you may also file a written complaint directly with the Data Protection Officer at the above-mentioned email address if you believe or have information to the effect that you have been targeted by, affected by or suffered any prejudice whatsoever either directly or indirectly in connection with a privacy incident.<\/p>\n<p>_____________<\/p>\n<p>&nbsp;<\/p>\n<h4 class=\"p4\"><b>For additional general information<\/b><\/h4>\n<p class=\"p3\">Feel free to contact us using one of the following options:<\/p>\n<p class=\"p3\">Telephone: 450-653-3441<span class=\"s3\">, <\/span>ext. 0<\/p>\n<p class=\"p3\">Email: information@skisaintbruno.ca<\/p>\n<p class=\"p3\">Mailing address\/in person: 550 Rang des Vingt-Cinq Est, Saint-Bruno, QC<\/p>\n<p class=\"p3\">J3V 0G6<\/p>\n\t\t\t<\/div>\r\n\t\t<\/div>\r\n\t<\/div>\t\r\n<\/section>\r\n","protected":false},"excerpt":{"rendered":"","protected":false},"author":1,"featured_media":0,"parent":0,"menu_order":135,"comment_status":"closed","ping_status":"closed","template":"","meta":[],"acf":{"anchor":""},"yoast_head":"<!-- This site is optimized with the Yoast SEO plugin v20.7 - https:\/\/yoast.com\/wordpress\/plugins\/seo\/ -->\n<title>Mountain and Ski Resort | Privacy Policy | Ski Saint-Bruno<\/title>\n<meta name=\"description\" content=\"We invite you, as a precaution, to read the privacy policy for our site.\" \/>\n<meta name=\"robots\" content=\"index, follow, max-snippet:-1, max-image-preview:large, max-video-preview:-1\" \/>\n<link rel=\"canonical\" href=\"https:\/\/skisaintbruno.ca\/en\/privacy-policy\/\" \/>\n<meta property=\"og:locale\" content=\"en_US\" \/>\n<meta property=\"og:type\" content=\"article\" \/>\n<meta property=\"og:title\" content=\"Mountain and Ski Resort | Privacy Policy | Ski Saint-Bruno\" \/>\n<meta property=\"og:description\" content=\"We invite you, as a precaution, to read the privacy policy for our site.\" \/>\n<meta property=\"og:url\" content=\"https:\/\/skisaintbruno.ca\/en\/privacy-policy\/\" \/>\n<meta property=\"og:site_name\" content=\"Ski Saint-Bruno\" \/>\n<meta property=\"article:publisher\" content=\"https:\/\/www.facebook.com\/skisaintbruno\" \/>\n<meta property=\"article:modified_time\" content=\"2024-10-21T17:48:42+00:00\" \/>\n<meta property=\"og:image\" content=\"https:\/\/skisaintbruno.s3.ca-central-1.amazonaws.com\/wp-content\/uploads\/2020\/09\/share-default.jpg\" \/>\n\t<meta property=\"og:image:width\" content=\"1200\" \/>\n\t<meta property=\"og:image:height\" content=\"627\" \/>\n\t<meta property=\"og:image:type\" content=\"image\/jpeg\" \/>\n<meta name=\"twitter:card\" content=\"summary_large_image\" \/>\n<meta name=\"twitter:site\" content=\"@SkiSaintBruno\" \/>\n<script type=\"application\/ld+json\" class=\"yoast-schema-graph\">{\"@context\":\"https:\/\/schema.org\",\"@graph\":[{\"@type\":\"WebPage\",\"@id\":\"https:\/\/skisaintbruno.ca\/en\/privacy-policy\/\",\"url\":\"https:\/\/skisaintbruno.ca\/en\/privacy-policy\/\",\"name\":\"Mountain and Ski Resort | Privacy Policy | Ski Saint-Bruno\",\"isPartOf\":{\"@id\":\"https:\/\/skisaintbruno.ca\/#website\"},\"datePublished\":\"2020-08-18T01:19:26+00:00\",\"dateModified\":\"2024-10-21T17:48:42+00:00\",\"description\":\"We invite you, as a precaution, to read the privacy policy for our site.\",\"breadcrumb\":{\"@id\":\"https:\/\/skisaintbruno.ca\/en\/privacy-policy\/#breadcrumb\"},\"inLanguage\":\"en-US\",\"potentialAction\":[{\"@type\":\"ReadAction\",\"target\":[\"https:\/\/skisaintbruno.ca\/en\/privacy-policy\/\"]}]},{\"@type\":\"BreadcrumbList\",\"@id\":\"https:\/\/skisaintbruno.ca\/en\/privacy-policy\/#breadcrumb\",\"itemListElement\":[{\"@type\":\"ListItem\",\"position\":1,\"name\":\"Home\",\"item\":\"https:\/\/skisaintbruno.ca\/en\/\"},{\"@type\":\"ListItem\",\"position\":2,\"name\":\"Privacy policy\"}]},{\"@type\":\"WebSite\",\"@id\":\"https:\/\/skisaintbruno.ca\/#website\",\"url\":\"https:\/\/skisaintbruno.ca\/\",\"name\":\"Ski Saint-Bruno\",\"description\":\"Cr\u00e9ateur de skieurs depuis 50 ans\",\"potentialAction\":[{\"@type\":\"SearchAction\",\"target\":{\"@type\":\"EntryPoint\",\"urlTemplate\":\"https:\/\/skisaintbruno.ca\/?s={search_term_string}\"},\"query-input\":\"required name=search_term_string\"}],\"inLanguage\":\"en-US\"}]}<\/script>\n<!-- \/ Yoast SEO plugin. -->","yoast_head_json":{"title":"Mountain and Ski Resort | Privacy Policy | Ski Saint-Bruno","description":"We invite you, as a precaution, to read the privacy policy for our site.","robots":{"index":"index","follow":"follow","max-snippet":"max-snippet:-1","max-image-preview":"max-image-preview:large","max-video-preview":"max-video-preview:-1"},"canonical":"https:\/\/skisaintbruno.ca\/en\/privacy-policy\/","og_locale":"en_US","og_type":"article","og_title":"Mountain and Ski Resort | Privacy Policy | Ski Saint-Bruno","og_description":"We invite you, as a precaution, to read the privacy policy for our site.","og_url":"https:\/\/skisaintbruno.ca\/en\/privacy-policy\/","og_site_name":"Ski Saint-Bruno","article_publisher":"https:\/\/www.facebook.com\/skisaintbruno","article_modified_time":"2024-10-21T17:48:42+00:00","og_image":[{"width":1200,"height":627,"url":"https:\/\/skisaintbruno.s3.ca-central-1.amazonaws.com\/wp-content\/uploads\/2020\/09\/share-default.jpg","type":"image\/jpeg"}],"twitter_card":"summary_large_image","twitter_site":"@SkiSaintBruno","schema":{"@context":"https:\/\/schema.org","@graph":[{"@type":"WebPage","@id":"https:\/\/skisaintbruno.ca\/en\/privacy-policy\/","url":"https:\/\/skisaintbruno.ca\/en\/privacy-policy\/","name":"Mountain and Ski Resort | Privacy Policy | Ski Saint-Bruno","isPartOf":{"@id":"https:\/\/skisaintbruno.ca\/#website"},"datePublished":"2020-08-18T01:19:26+00:00","dateModified":"2024-10-21T17:48:42+00:00","description":"We invite you, as a precaution, to read the privacy policy for our site.","breadcrumb":{"@id":"https:\/\/skisaintbruno.ca\/en\/privacy-policy\/#breadcrumb"},"inLanguage":"en-US","potentialAction":[{"@type":"ReadAction","target":["https:\/\/skisaintbruno.ca\/en\/privacy-policy\/"]}]},{"@type":"BreadcrumbList","@id":"https:\/\/skisaintbruno.ca\/en\/privacy-policy\/#breadcrumb","itemListElement":[{"@type":"ListItem","position":1,"name":"Home","item":"https:\/\/skisaintbruno.ca\/en\/"},{"@type":"ListItem","position":2,"name":"Privacy policy"}]},{"@type":"WebSite","@id":"https:\/\/skisaintbruno.ca\/#website","url":"https:\/\/skisaintbruno.ca\/","name":"Ski Saint-Bruno","description":"Cr\u00e9ateur de skieurs depuis 50 ans","potentialAction":[{"@type":"SearchAction","target":{"@type":"EntryPoint","urlTemplate":"https:\/\/skisaintbruno.ca\/?s={search_term_string}"},"query-input":"required name=search_term_string"}],"inLanguage":"en-US"}]}},"_links":{"self":[{"href":"https:\/\/skisaintbruno.ca\/en\/wp-json\/wp\/v2\/pages\/2052"}],"collection":[{"href":"https:\/\/skisaintbruno.ca\/en\/wp-json\/wp\/v2\/pages"}],"about":[{"href":"https:\/\/skisaintbruno.ca\/en\/wp-json\/wp\/v2\/types\/page"}],"author":[{"embeddable":true,"href":"https:\/\/skisaintbruno.ca\/en\/wp-json\/wp\/v2\/users\/1"}],"replies":[{"embeddable":true,"href":"https:\/\/skisaintbruno.ca\/en\/wp-json\/wp\/v2\/comments?post=2052"}],"version-history":[{"count":6,"href":"https:\/\/skisaintbruno.ca\/en\/wp-json\/wp\/v2\/pages\/2052\/revisions"}],"predecessor-version":[{"id":11981,"href":"https:\/\/skisaintbruno.ca\/en\/wp-json\/wp\/v2\/pages\/2052\/revisions\/11981"}],"wp:attachment":[{"href":"https:\/\/skisaintbruno.ca\/en\/wp-json\/wp\/v2\/media?parent=2052"}],"curies":[{"name":"wp","href":"https:\/\/api.w.org\/{rel}","templated":true}]}}