{"id":9060,"date":"2022-12-11T21:24:11","date_gmt":"2022-12-11T21:24:11","guid":{"rendered":"https:\/\/skisaintbruno.ca\/?page_id=9060"},"modified":"2026-04-01T15:13:33","modified_gmt":"2026-04-01T15:13:33","slug":"privileges","status":"publish","type":"page","link":"https:\/\/skisaintbruno.ca\/en\/privileges\/","title":{"rendered":"Privileges &#038; conditions"},"content":{"rendered":"\t\t\t\r\n<section  class=\"b-pagetitle text-align-left \" data-animation=\"pageTitle\">\r\n\t<div class=\"container-fluid\">\r\n\t\t<div class=\"row\">\r\n\t\t\t<div class=\"offset-md-1 col-md-6 col-lg-5 col-sm-8\">\r\n\t\t\t\t\t\t\t\t\t\t\t\t\t\t\t\t\t<h1 class=\"title\">\r\n\t\t\t\t\t\tPrivileges &#038; conditions\t\t\t\t\t<\/h1>\r\n\t\t\t\t\t\t\t\t\t\t\t\t\t<div class=\"txt\">\r\n\t\t\t\t\t\t<p id=\"tw-target-text\" class=\"tw-data-text tw-text-large tw-ta\" dir=\"ltr\" data-placeholder=\"Traduction\">Being an SSB member also means enjoying\u00a0<strong>really fun privileges!<\/strong><\/p>\t\t\t\t\t<\/div>\r\n\t\t\t\t\t\t\t\t\t\t\t<\/div>\r\n\t\t<\/div>\r\n\t<\/div>\r\n\r\n\t<div class=\"bg\">\r\n\t\t\t\t\t<video data-video-loop muted preload autoplay loop playsinline webkit-playsinline src=\"\" poster=\"https:\/\/skisaintbruno.s3.ca-central-1.amazonaws.com\/wp-content\/uploads\/2025\/05\/Bloc-Page-titre-8-min.jpg\"><\/video>\r\n\t\t\t<\/div>\r\n\t\r\n\t<div class=\"overlay has-overlay\"><\/div>\r\n<\/section>\r\n\t\t\n\n<section  class=\"text-block\" data-animation=\"fadeInSection\">\r\n\t<div class=\"container-fluid\">\r\n\t\t<div class=\"row\">\r\n\t\t\t<div class=\"col-xxl-6 offset-xxl-3 col-lg-8 offset-lg-2 col-sm-10 offset-sm-1 wrap\" data-article-content>\r\n\t\t\t\t<h2>2026-2027 season passes<\/h2>\n<p>Enjoy these benefits with your 2026-2027 membership.<br \/>\nPrivileges valid from December 1st, 2026 until April 1, 2027.<\/p>\n\t\t\t<\/div>\r\n\t\t<\/div>\r\n\t<\/div>\t\r\n<\/section>\r\n\n\n<section  class=\"b-open-collapse\" data-animation=\"fadeInSection\">\n\t\t<div class=\"container-fluid\">\n\t\t\t<div class=\"col-md-10 offset-md-1\">\n\t\t\t\t\t\t\t\t\t\t\t\t\t\t\t<div class=\"expendable\" data-collapser>\n\t\t\t\t\t\t\t<div class=\"expendable-title\" data-collapser-controler>\n\t\t\t\t\t\t\t\t<h1>5 days pass<\/h1>\n\t\t\t\t\t\t\t\t<i class=\"icon-plus\"><\/i>\n\t\t\t\t\t\t\t<\/div>\n\t\t\t\t\t\t\t<div class=\"expendable-content\" data-collapser-target>\n\t\t\t\t\t\t\t\t<div class=\"content\">\n\t\t\t\t\t\t\t\t\t<h4 style=\"color: #69b42e;\">Privileges<\/h4>\n<p><strong>At Ski Saint-Bruno<\/strong><\/p>\n<ul>\n<li>25 % off ski tickets when the pass is not valid<\/li>\n<li>10 % off at the SSB Boutique (cannot be added to any other promotion)<\/li>\n<li>10 % off on rentals<\/li>\n<li>10 % off at the repair shop<\/li>\n<\/ul>\n<p><strong>Our Partners<\/strong><\/p>\n<ul>\n<li>Sepaq (Mont Saint-Bruno Park and Iles de Boucherville)\n<ul>\n<li>25% off equipment rentals at Sepaq (Mont Saint-Bruno Park and Iles de Boucherville)<\/li>\n<li>15% off daily cross-country skiing tickets (Parc national du Mont-Saint-Bruno)<\/li>\n<li>15% off at the Nature Boutique (Parc national des \u00celes-de-Boucherville)<\/li>\n<li>15% off camping (Parc national des \u00celes-de-Boucherville)<\/li>\n<li>10% off at the tea salon (Parc national du Mont-Saint-Bruno)<\/li>\n<\/ul>\n<\/li>\n<\/ul>\n<ul>\n<li>F\u00f6rena Cit\u00e9 thermale\n<ul>\n<li>Get 25% off\u00a0 thermal baths<\/li>\n<li>15% off treatment<\/li>\n<\/ul>\n<\/li>\n<\/ul>\n<p><span class=\"Y2IQFc\" lang=\"en\">**Some conditions apply. On presentation of your 2026-2027 season pass.<\/span><\/p>\n<p>&nbsp;<\/p>\n<h4 style=\"color: #4ebfd6;\">Terms &amp; conditions<\/h4>\n<ul>\n<li>Ski from Monday to Friday, from opening to 5pm<\/li>\n<li>The pass is not available from December 24th to January 2nd and from March 1st to March 5th, 2027.<\/li>\n<\/ul>\n\t\t\t\t\t\t\t\t<\/div>\n\t\t\t\t\t\t\t<\/div>\n\t\t\t\t\t\t<\/div>\n\t\t\t\t\t\t\t\t\t\t\t<div class=\"expendable\" data-collapser>\n\t\t\t\t\t\t\t<div class=\"expendable-title\" data-collapser-controler>\n\t\t\t\t\t\t\t\t<h1>5 days \/ 7 evenings pass<\/h1>\n\t\t\t\t\t\t\t\t<i class=\"icon-plus\"><\/i>\n\t\t\t\t\t\t\t<\/div>\n\t\t\t\t\t\t\t<div class=\"expendable-content\" data-collapser-target>\n\t\t\t\t\t\t\t\t<div class=\"content\">\n\t\t\t\t\t\t\t\t\t<h4 style=\"color: #69b42e;\">Privileges<\/h4>\n<p><strong>At Ski Saint-Bruno<\/strong><\/p>\n<ul>\n<li>40 % off ski tickets when the pass is not valid<\/li>\n<li>10 % off at the SSB Boutique (cannot be added to any other promotion)<\/li>\n<li>10 % off on rentals<\/li>\n<li>10 % off at the repair shop<\/li>\n<li data-start=\"92\" data-end=\"146\">Bring a friend for free (Date to be determined)<\/li>\n<\/ul>\n<p><strong>Our Partners<\/strong><\/p>\n<ul>\n<li>Sepaq (Mont Saint-Bruno Park and Iles de Boucherville)\n<ul>\n<li>25% off equipment rentals at Sepaq (Mont Saint-Bruno Park and Iles de Boucherville)<\/li>\n<li>15% off daily cross-country skiing tickets (Parc national du Mont-Saint-Bruno)<\/li>\n<li>15% off at the Nature Boutique (Parc national des \u00celes-de-Boucherville)<\/li>\n<li>15% off camping (Parc national des \u00celes-de-Boucherville)<\/li>\n<li>10% off at the tea salon (Parc national du Mont-Saint-Bruno)<\/li>\n<\/ul>\n<\/li>\n<li>F\u00f6rena Cit\u00e9 thermale\n<ul>\n<li>Get 25% off\u00a0 thermal baths<\/li>\n<li>15% off treatments<\/li>\n<\/ul>\n<\/li>\n<\/ul>\n<p>**Some conditions apply. On presentation of your 2026-2027 season pass.<\/p>\n<p>&nbsp;<\/p>\n<h4 style=\"color: #4ebfd6;\">Terms &amp; conditions<\/h4>\n<ul>\n<li>Ski from Monday to Friday and from 4pm till closing on Saturdays and Sundays<\/li>\n<li>The pass is not valid on December 24-25-31<\/li>\n<\/ul>\n\t\t\t\t\t\t\t\t<\/div>\n\t\t\t\t\t\t\t<\/div>\n\t\t\t\t\t\t<\/div>\n\t\t\t\t\t\t\t\t\t\t\t<div class=\"expendable\" data-collapser>\n\t\t\t\t\t\t\t<div class=\"expendable-title\" data-collapser-controler>\n\t\t\t\t\t\t\t\t<h1>7 evenings pass<\/h1>\n\t\t\t\t\t\t\t\t<i class=\"icon-plus\"><\/i>\n\t\t\t\t\t\t\t<\/div>\n\t\t\t\t\t\t\t<div class=\"expendable-content\" data-collapser-target>\n\t\t\t\t\t\t\t\t<div class=\"content\">\n\t\t\t\t\t\t\t\t\t<h4 style=\"color: #69b42e;\">Privileges<\/h4>\n<p><strong>At Ski Saint-Bruno<\/strong><\/p>\n<ul>\n<li>25 % off ski tickets when the pass is not valid<\/li>\n<li>10 % off at the SSB Boutique (cannot be added to any other promotion)<\/li>\n<li>10 % off on rentals<\/li>\n<li>10 % off at the repair shop<\/li>\n<li>Bring a friend for free (Date to be determined)<\/li>\n<\/ul>\n<p><strong>Our Partners<\/strong><\/p>\n<ul>\n<li>Sepaq (Mont Saint-Bruno Park and Iles de Boucherville)\n<ul>\n<li>25% off equipment rentals at Sepaq (Mont Saint-Bruno Park and Iles de Boucherville)<br \/>\n15% off daily cross-country skiing tickets (Parc national du Mont-Saint-Bruno)<br \/>\n15% off at the Nature Boutique (Parc national des \u00celes-de-Boucherville)<br \/>\n15% off camping (Parc national des \u00celes-de-Boucherville)<\/li>\n<li>10% off at the tea salon (Parc national du Mont-Saint-Bruno)<\/li>\n<\/ul>\n<\/li>\n<li>Groupe SKYSPA\n<ul>\n<li>Up to 25% off services at Spa Nordic Station, SKYSPA du Quartier DIX30, SKYSPA de Qu\u00e9bec and F\u00f6rena Cit\u00e9 thermale.**<\/li>\n<li>15% off treatments<\/li>\n<\/ul>\n<\/li>\n<\/ul>\n<p><span class=\"Y2IQFc\" lang=\"en\">**Some conditions apply. On presentation of your 2026-2027 season pass.<\/span><\/p>\n<p>&nbsp;<\/p>\n<h4 style=\"color: #4ebfd6;\">Terms &amp; conditions<\/h4>\n<ul>\n<li>Ski 7 evenings a week, from 4pm till closing<\/li>\n<li>The pass is not valid on December 24-25-31<\/li>\n<\/ul>\n\t\t\t\t\t\t\t\t<\/div>\n\t\t\t\t\t\t\t<\/div>\n\t\t\t\t\t\t<\/div>\n\t\t\t\t\t\t\t\t\t\t\t<div class=\"expendable\" data-collapser>\n\t\t\t\t\t\t\t<div class=\"expendable-title\" data-collapser-controler>\n\t\t\t\t\t\t\t\t<h1>65+ pass<\/h1>\n\t\t\t\t\t\t\t\t<i class=\"icon-plus\"><\/i>\n\t\t\t\t\t\t\t<\/div>\n\t\t\t\t\t\t\t<div class=\"expendable-content\" data-collapser-target>\n\t\t\t\t\t\t\t\t<div class=\"content\">\n\t\t\t\t\t\t\t\t\t<h4 style=\"color: #69b42e;\">Privileges<\/h4>\n<p><strong>At Ski Saint-Bruno<\/strong><\/p>\n<ul>\n<li>25 % off ski tickets when the pass is not valid<\/li>\n<li>10 % off at the SSB Boutique (cannot be added to any other promotion)<\/li>\n<li>10 % off on rentals<\/li>\n<li>10 % off at the repair shop<\/li>\n<li>Bring a friend for free (Date to be determined)<\/li>\n<\/ul>\n<p><strong>Our Partners<\/strong><\/p>\n<ul>\n<li>Sepaq (Mont Saint-Bruno Park and Iles de Boucherville)\n<ul>\n<li>25% off equipment rentals at Sepaq (Mont Saint-Bruno Park and Iles de Boucherville)<br \/>\n15% off daily cross-country skiing tickets (Parc national du Mont-Saint-Bruno)<br \/>\n15% off at the Nature Boutique (Parc national des \u00celes-de-Boucherville)<br \/>\n15% off camping (Parc national des \u00celes-de-Boucherville)<br \/>\n10% off at the tea salon (Parc national du Mont-Saint-Bruno)<\/li>\n<\/ul>\n<\/li>\n<li>F\u00f6rena Cit\u00e9 thermale\n<ul>\n<li>Get 25% off\u00a0 thermal baths<\/li>\n<li>15% off treatments<\/li>\n<\/ul>\n<\/li>\n<\/ul>\n<p><span class=\"Y2IQFc\" lang=\"en\">**Some conditions apply. On presentation of your 2026-2027 season pass.<\/span><\/p>\n<p>&nbsp;<\/p>\n<h4 style=\"color: #4ebfd6;\">Terms &amp; conditions<\/h4>\n<ul>\n<li>Ski from Monday to Friday and from 4pm till closing on Saturdays and Sundays<\/li>\n<li>The pass is not valid on December 24-25-31<\/li>\n<\/ul>\n\t\t\t\t\t\t\t\t<\/div>\n\t\t\t\t\t\t\t<\/div>\n\t\t\t\t\t\t<\/div>\n\t\t\t\t\t\t\t\t\t\t\t<div class=\"expendable\" data-collapser>\n\t\t\t\t\t\t\t<div class=\"expendable-title\" data-collapser-controler>\n\t\t\t\t\t\t\t\t<h1>Weekend MAX pass<\/h1>\n\t\t\t\t\t\t\t\t<i class=\"icon-plus\"><\/i>\n\t\t\t\t\t\t\t<\/div>\n\t\t\t\t\t\t\t<div class=\"expendable-content\" data-collapser-target>\n\t\t\t\t\t\t\t\t<div class=\"content\">\n\t\t\t\t\t\t\t\t\t<h4 style=\"color: #69b42e;\">Privileges<\/h4>\n<p><strong>At Ski Saint-Bruno<\/strong><\/p>\n<ul>\n<li>25 % off ski tickets when the pass is not valid<\/li>\n<li>10 % off at the SSB Boutique (cannot be added to any other promotion)<\/li>\n<li>10 % off on rentals<\/li>\n<li>10 % off at the repair shop<\/li>\n<li>Bring a friend for free (Date to be determined)<\/li>\n<\/ul>\n<p><strong>Our Partners<\/strong><\/p>\n<ul>\n<li>Sepaq (Mont Saint-Bruno Park and Iles de Boucherville)\n<ul>\n<li>25% off equipment rentals at Sepaq (Mont Saint-Bruno Park and Iles de Boucherville)<\/li>\n<li>15% off daily cross-country skiing tickets (Parc national du Mont-Saint-Bruno)<\/li>\n<li>15% off at the Nature Boutique (Parc national des \u00celes-de-Boucherville)<\/li>\n<li>15% off camping (Parc national des \u00celes-de-Boucherville)<\/li>\n<li>10% off at the tea salon (Parc national du Mont-Saint-Bruno)<\/li>\n<\/ul>\n<\/li>\n<\/ul>\n<ul>\n<li>F\u00f6rena Cit\u00e9 thermale\n<ul>\n<li>Get 25% off\u00a0 thermal baths<\/li>\n<li>15% off treatment<\/li>\n<\/ul>\n<\/li>\n<\/ul>\n<p>**Some conditions apply. On presentation of your 2026-2027 season pass.<\/p>\n<p>&nbsp;<\/p>\n<h4 style=\"color: #4ebfd6;\">Terms &amp; conditions<\/h4>\n<ul>\n<li>Ski every Saturday or Sunday from 1 p.m. to closing<\/li>\n<\/ul>\n\t\t\t\t\t\t\t\t<\/div>\n\t\t\t\t\t\t\t<\/div>\n\t\t\t\t\t\t<\/div>\n\t\t\t\t\t\t\t\t\t\t\t<div class=\"expendable\" data-collapser>\n\t\t\t\t\t\t\t<div class=\"expendable-title\" data-collapser-controler>\n\t\t\t\t\t\t\t\t<h1>Custom pass (1-2-3 days)<\/h1>\n\t\t\t\t\t\t\t\t<i class=\"icon-plus\"><\/i>\n\t\t\t\t\t\t\t<\/div>\n\t\t\t\t\t\t\t<div class=\"expendable-content\" data-collapser-target>\n\t\t\t\t\t\t\t\t<div class=\"content\">\n\t\t\t\t\t\t\t\t\t<h4 style=\"color: #69b42e;\">Privileges<\/h4>\n<p><strong>At Ski Saint-Bruno<\/strong><\/p>\n<ul>\n<li>25 % off ski tickets when the pass is not valid<\/li>\n<li>10 % off at the SSB Boutique (cannot be added to any other promotion)<\/li>\n<li>10 % off on rentals<\/li>\n<li>10 % off at the repair shop<\/li>\n<\/ul>\n<p><strong>Our Partners<\/strong><\/p>\n<ul>\n<li>Sepaq (Mont Saint-Bruno Park and Iles de Boucherville)\n<ul>\n<li>25% off equipment rentals at Sepaq (Mont Saint-Bruno Park and Iles de Boucherville)<\/li>\n<li>15% off daily cross-country skiing tickets (Parc national du Mont-Saint-Bruno)<\/li>\n<li>15% off at the Nature Boutique (Parc national des \u00celes-de-Boucherville)<\/li>\n<li>15% off camping (Parc national des \u00celes-de-Boucherville)<\/li>\n<li>10% off at the tea salon (Parc national du Mont-Saint-Bruno)<\/li>\n<\/ul>\n<\/li>\n<\/ul>\n<ul>\n<li>F\u00f6rena Cit\u00e9 thermale\n<ul>\n<li>Get 25% off\u00a0 thermal baths<\/li>\n<li>15% off treatment<\/li>\n<\/ul>\n<\/li>\n<\/ul>\n<p><span class=\"Y2IQFc\" lang=\"en\">**Some conditions apply. On presentation of your 2026-2027 season pass.<\/span><\/p>\n<p>&nbsp;<\/p>\n<h4 style=\"color: #4ebfd6;\">Terms &amp; conditions<\/h4>\n<ul>\n<li>Ski from opening to 4 p.m. on the day(s) you selected<\/li>\n<li>The pass is not available from December 24th to January 2nd and from March 1st to March 5th, 2027<\/li>\n<\/ul>\n\t\t\t\t\t\t\t\t<\/div>\n\t\t\t\t\t\t\t<\/div>\n\t\t\t\t\t\t<\/div>\n\t\t\t\t\t\t\t\t\t\t\t<div class=\"expendable\" data-collapser>\n\t\t\t\t\t\t\t<div class=\"expendable-title\" data-collapser-controler>\n\t\t\t\t\t\t\t\t<h1>Skiloc pass<\/h1>\n\t\t\t\t\t\t\t\t<i class=\"icon-plus\"><\/i>\n\t\t\t\t\t\t\t<\/div>\n\t\t\t\t\t\t\t<div class=\"expendable-content\" data-collapser-target>\n\t\t\t\t\t\t\t\t<div class=\"content\">\n\t\t\t\t\t\t\t\t\t<h4 style=\"color: #69b42e;\">Privileges<\/h4>\n<p><strong>At Ski Saint-Bruno<\/strong><\/p>\n<ul>\n<li>25 % off ski tickets when the pass is not valid<\/li>\n<li>10 % off at the SSB Boutique (cannot be added to any other promotion)<\/li>\n<li>10 % off on rentals<\/li>\n<li>10 % off at the repair shop<\/li>\n<\/ul>\n<p><strong>Our Partners<\/strong><\/p>\n<ul>\n<li>Sepaq (Mont Saint-Bruno Park and Iles de Boucherville)\n<ul>\n<li>25% off equipment rentals at Sepaq (Mont Saint-Bruno Park and Iles de Boucherville)<\/li>\n<li>15% off daily cross-country skiing tickets (Parc national du Mont-Saint-Bruno)<\/li>\n<li>15% off at the Nature Boutique (Parc national des \u00celes-de-Boucherville)<\/li>\n<li>15% off camping (Parc national des \u00celes-de-Boucherville)<\/li>\n<li>10% off at the tea salon (Parc national du Mont-Saint-Bruno)<\/li>\n<\/ul>\n<\/li>\n<\/ul>\n<ul>\n<li>F\u00f6rena Cit\u00e9 thermale\n<ul>\n<li>Get 25% off\u00a0 thermal baths<\/li>\n<li>15% off treatment<\/li>\n<\/ul>\n<\/li>\n<\/ul>\n<p><span class=\"Y2IQFc\" lang=\"en\">**Some conditions apply. On presentation of your 2026-2027 season pass.<\/span><\/p>\n<p>&nbsp;<\/p>\n<h4 style=\"color: #4ebfd6;\">Terms &amp; conditions<\/h4>\n<ul>\n<li>Ski from opening to 4 p.m. on the day you selected<\/li>\n<li>The pass is not available from December 24th to January 2nd and from March 1st to March 5th, 2027<\/li>\n<\/ul>\n\t\t\t\t\t\t\t\t<\/div>\n\t\t\t\t\t\t\t<\/div>\n\t\t\t\t\t\t<\/div>\n\t\t\t\t\t\t\t\t\t\t\t<div class=\"expendable\" data-collapser>\n\t\t\t\t\t\t\t<div class=\"expendable-title\" data-collapser-controler>\n\t\t\t\t\t\t\t\t<h1>Unlimited + Family pass<\/h1>\n\t\t\t\t\t\t\t\t<i class=\"icon-plus\"><\/i>\n\t\t\t\t\t\t\t<\/div>\n\t\t\t\t\t\t\t<div class=\"expendable-content\" data-collapser-target>\n\t\t\t\t\t\t\t\t<div class=\"content\">\n\t\t\t\t\t\t\t\t\t<h4 style=\"color: #69b42e;\">Privileges<\/h4>\n<p><strong>At Ski Saint-Bruno<\/strong><\/p>\n<ul>\n<li>10 % off at the SSB Boutique (cannot be added to any other promotion)<\/li>\n<li>10 % off on rentals<\/li>\n<li>10 % off at the repair shop<\/li>\n<li>2 x 50% for a friend upon presentation of your \u201cSkiez le Qu\u00e9bec\u201d card<\/li>\n<li>Free access to the Ski Saint-Bruno Fall Color Festival<\/li>\n<li>Bring a friend for free (Date to be determined)<\/li>\n<\/ul>\n<p><strong>Ski mountains (winter 2025-2026)<\/strong><\/p>\n<ul>\n<li>Enjoy 2 x 50 % off at 15 participating stations*: Belle Neige, Ski Chantecler, Mont Cascades, Mont-Habitant, Val-D&#8217;Ir\u00e8ne, Le Relais, Owl&#8217;s Head, Mont-Vid\u00e9o, Mont Rigaud, Mont Sutton, Ski Garceau, Vall\u00e9e Bleue, Vall\u00e9e du Parc, Mont Kanasuta, Val Saint-C\u00f4me and <strong>Ski Saint-Bruno<\/strong>.<\/li>\n<\/ul>\n<p><strong>Our Partners<\/strong><\/p>\n<ul>\n<li>Sepaq (Mont Saint-Bruno Park and Iles de Boucherville)\n<ul>\n<li>25% off equipment rentals at Sepaq (Mont Saint-Bruno Park and Iles de Boucherville)<\/li>\n<li>15% off daily cross-country skiing tickets (Parc national du Mont-Saint-Bruno)<\/li>\n<li>15% off at the Nature Boutique (Parc national des \u00celes-de-Boucherville)<\/li>\n<li>15% off camping (Parc national des \u00celes-de-Boucherville)<\/li>\n<li>10% off at the tea salon (Parc national du Mont-Saint-Bruno)<\/li>\n<\/ul>\n<\/li>\n<\/ul>\n<ul>\n<li>F\u00f6rena Cit\u00e9 thermale\n<ul>\n<li>Get 25% off\u00a0 thermal baths<\/li>\n<li>15% off treatments<\/li>\n<\/ul>\n<\/li>\n<\/ul>\n<p><span class=\"Y2IQFc\" lang=\"en\">**Some conditions apply. On presentation of your 2026-2027 season pass.<\/span><\/p>\n<p>&nbsp;<\/p>\n<h4 style=\"color: #4ebfd6;\">Terms &amp; conditions<\/h4>\n<ul>\n<li>Ski at any time, 7 days out of 7, from opening till closing time<\/li>\n<li>No restrictions<\/li>\n<\/ul>\n\t\t\t\t\t\t\t\t<\/div>\n\t\t\t\t\t\t\t<\/div>\n\t\t\t\t\t\t<\/div>\n\t\t\t\t\t\t\t\t\t\t\t\t<\/div>\n\t\t<\/div>\n\t<\/section>\n\n\t","protected":false},"excerpt":{"rendered":"","protected":false},"author":2,"featured_media":0,"parent":0,"menu_order":16,"comment_status":"closed","ping_status":"closed","template":"","meta":[],"acf":{"anchor":""},"yoast_head":"<!-- This site is optimized with the Yoast SEO plugin v20.7 - https:\/\/yoast.com\/wordpress\/plugins\/seo\/ -->\n<title>Mountain and Ski Resort | Privileges | Ski Saint-Bruno<\/title>\n<meta name=\"description\" content=\"Having a season pass at Ski Saint-Bruno also means having several advantages and privileges with our partners!\" \/>\n<meta name=\"robots\" content=\"index, follow, max-snippet:-1, max-image-preview:large, max-video-preview:-1\" \/>\n<link rel=\"canonical\" href=\"https:\/\/skisaintbruno.ca\/en\/privileges\/\" \/>\n<meta property=\"og:locale\" content=\"en_US\" \/>\n<meta property=\"og:type\" content=\"article\" \/>\n<meta property=\"og:title\" content=\"Mountain and Ski Resort | Privileges | Ski Saint-Bruno\" \/>\n<meta property=\"og:description\" content=\"Having a season pass at Ski Saint-Bruno also means having several advantages and privileges with our partners!\" \/>\n<meta property=\"og:url\" content=\"https:\/\/skisaintbruno.ca\/en\/privileges\/\" \/>\n<meta property=\"og:site_name\" content=\"Ski Saint-Bruno\" \/>\n<meta property=\"article:publisher\" content=\"https:\/\/www.facebook.com\/skisaintbruno\" \/>\n<meta property=\"article:modified_time\" content=\"2026-04-01T15:13:33+00:00\" \/>\n<meta property=\"og:image\" content=\"https:\/\/skisaintbruno.s3.ca-central-1.amazonaws.com\/wp-content\/uploads\/2020\/09\/share-default.jpg\" \/>\n\t<meta property=\"og:image:width\" content=\"1200\" \/>\n\t<meta property=\"og:image:height\" content=\"627\" \/>\n\t<meta property=\"og:image:type\" content=\"image\/jpeg\" \/>\n<meta name=\"twitter:card\" content=\"summary_large_image\" \/>\n<meta name=\"twitter:site\" content=\"@SkiSaintBruno\" \/>\n<script type=\"application\/ld+json\" class=\"yoast-schema-graph\">{\"@context\":\"https:\/\/schema.org\",\"@graph\":[{\"@type\":\"WebPage\",\"@id\":\"https:\/\/skisaintbruno.ca\/en\/privileges\/\",\"url\":\"https:\/\/skisaintbruno.ca\/en\/privileges\/\",\"name\":\"Mountain and Ski Resort | Privileges | Ski Saint-Bruno\",\"isPartOf\":{\"@id\":\"https:\/\/skisaintbruno.ca\/#website\"},\"datePublished\":\"2022-12-11T21:24:11+00:00\",\"dateModified\":\"2026-04-01T15:13:33+00:00\",\"description\":\"Having a season pass at Ski Saint-Bruno also means having several advantages and privileges with our partners!\",\"breadcrumb\":{\"@id\":\"https:\/\/skisaintbruno.ca\/en\/privileges\/#breadcrumb\"},\"inLanguage\":\"en-US\",\"potentialAction\":[{\"@type\":\"ReadAction\",\"target\":[\"https:\/\/skisaintbruno.ca\/en\/privileges\/\"]}]},{\"@type\":\"BreadcrumbList\",\"@id\":\"https:\/\/skisaintbruno.ca\/en\/privileges\/#breadcrumb\",\"itemListElement\":[{\"@type\":\"ListItem\",\"position\":1,\"name\":\"Home\",\"item\":\"https:\/\/skisaintbruno.ca\/en\/\"},{\"@type\":\"ListItem\",\"position\":2,\"name\":\"Privileges &#038; conditions\"}]},{\"@type\":\"WebSite\",\"@id\":\"https:\/\/skisaintbruno.ca\/#website\",\"url\":\"https:\/\/skisaintbruno.ca\/\",\"name\":\"Ski Saint-Bruno\",\"description\":\"Cr\u00e9ateur de skieurs depuis 50 ans\",\"potentialAction\":[{\"@type\":\"SearchAction\",\"target\":{\"@type\":\"EntryPoint\",\"urlTemplate\":\"https:\/\/skisaintbruno.ca\/?s={search_term_string}\"},\"query-input\":\"required name=search_term_string\"}],\"inLanguage\":\"en-US\"}]}<\/script>\n<!-- \/ Yoast SEO plugin. -->","yoast_head_json":{"title":"Mountain and Ski Resort | Privileges | Ski Saint-Bruno","description":"Having a season pass at Ski Saint-Bruno also means having several advantages and privileges with our partners!","robots":{"index":"index","follow":"follow","max-snippet":"max-snippet:-1","max-image-preview":"max-image-preview:large","max-video-preview":"max-video-preview:-1"},"canonical":"https:\/\/skisaintbruno.ca\/en\/privileges\/","og_locale":"en_US","og_type":"article","og_title":"Mountain and Ski Resort | Privileges | Ski Saint-Bruno","og_description":"Having a season pass at Ski Saint-Bruno also means having several advantages and privileges with our partners!","og_url":"https:\/\/skisaintbruno.ca\/en\/privileges\/","og_site_name":"Ski Saint-Bruno","article_publisher":"https:\/\/www.facebook.com\/skisaintbruno","article_modified_time":"2026-04-01T15:13:33+00:00","og_image":[{"width":1200,"height":627,"url":"https:\/\/skisaintbruno.s3.ca-central-1.amazonaws.com\/wp-content\/uploads\/2020\/09\/share-default.jpg","type":"image\/jpeg"}],"twitter_card":"summary_large_image","twitter_site":"@SkiSaintBruno","schema":{"@context":"https:\/\/schema.org","@graph":[{"@type":"WebPage","@id":"https:\/\/skisaintbruno.ca\/en\/privileges\/","url":"https:\/\/skisaintbruno.ca\/en\/privileges\/","name":"Mountain and Ski Resort | Privileges | Ski Saint-Bruno","isPartOf":{"@id":"https:\/\/skisaintbruno.ca\/#website"},"datePublished":"2022-12-11T21:24:11+00:00","dateModified":"2026-04-01T15:13:33+00:00","description":"Having a season pass at Ski Saint-Bruno also means having several advantages and privileges with our partners!","breadcrumb":{"@id":"https:\/\/skisaintbruno.ca\/en\/privileges\/#breadcrumb"},"inLanguage":"en-US","potentialAction":[{"@type":"ReadAction","target":["https:\/\/skisaintbruno.ca\/en\/privileges\/"]}]},{"@type":"BreadcrumbList","@id":"https:\/\/skisaintbruno.ca\/en\/privileges\/#breadcrumb","itemListElement":[{"@type":"ListItem","position":1,"name":"Home","item":"https:\/\/skisaintbruno.ca\/en\/"},{"@type":"ListItem","position":2,"name":"Privileges &#038; conditions"}]},{"@type":"WebSite","@id":"https:\/\/skisaintbruno.ca\/#website","url":"https:\/\/skisaintbruno.ca\/","name":"Ski Saint-Bruno","description":"Cr\u00e9ateur de skieurs depuis 50 ans","potentialAction":[{"@type":"SearchAction","target":{"@type":"EntryPoint","urlTemplate":"https:\/\/skisaintbruno.ca\/?s={search_term_string}"},"query-input":"required name=search_term_string"}],"inLanguage":"en-US"}]}},"_links":{"self":[{"href":"https:\/\/skisaintbruno.ca\/en\/wp-json\/wp\/v2\/pages\/9060"}],"collection":[{"href":"https:\/\/skisaintbruno.ca\/en\/wp-json\/wp\/v2\/pages"}],"about":[{"href":"https:\/\/skisaintbruno.ca\/en\/wp-json\/wp\/v2\/types\/page"}],"author":[{"embeddable":true,"href":"https:\/\/skisaintbruno.ca\/en\/wp-json\/wp\/v2\/users\/2"}],"replies":[{"embeddable":true,"href":"https:\/\/skisaintbruno.ca\/en\/wp-json\/wp\/v2\/comments?post=9060"}],"version-history":[{"count":100,"href":"https:\/\/skisaintbruno.ca\/en\/wp-json\/wp\/v2\/pages\/9060\/revisions"}],"predecessor-version":[{"id":15892,"href":"https:\/\/skisaintbruno.ca\/en\/wp-json\/wp\/v2\/pages\/9060\/revisions\/15892"}],"wp:attachment":[{"href":"https:\/\/skisaintbruno.ca\/en\/wp-json\/wp\/v2\/media?parent=9060"}],"curies":[{"name":"wp","href":"https:\/\/api.w.org\/{rel}","templated":true}]}}